{"id":96,"date":"2025-06-22T16:34:05","date_gmt":"2025-06-22T16:34:05","guid":{"rendered":"https:\/\/violet-lion-849271.hostingersite.com\/?page_id=96"},"modified":"2026-05-09T11:05:11","modified_gmt":"2026-05-09T11:05:11","slug":"blog","status":"publish","type":"page","link":"https:\/\/balenapink.com\/en\/blog\/","title":{"rendered":"Blog"},"content":{"rendered":"<h1 class=\"wp-block-heading is-style-default hostinger-ai-title has-custom-pink-balena-color has-text-color has-link-color has-x-large-font-size wp-elements-8e50869d6c547fd459f669677896f170\" style=\"margin-bottom:var(--wp--preset--spacing--30)\">Blog Balena Pink<\/h1>\n\n\n\n<p class=\"has-text-align-center\">Storie, ricette e curiosit\u00e0 sul gin che cambia colore: dalla magia del Butterfly Pea ai cocktail pi\u00f9 amati di Rimini.<\/p>\n\n\n\n<div style=\"height:30px\" aria-hidden=\"true\" class=\"wp-block-spacer\"><\/div>\n\n\n\n<div class=\"wp-block-query alignwide is-layout-flow wp-block-query-is-layout-flow\">\n<ul class=\"columns-3 wp-block-post-template is-layout-grid wp-container-core-post-template-is-layout-6d3fbd8f wp-block-post-template-is-layout-grid\"><li class=\"wp-block-post post-1212 post type-post status-publish format-standard has-post-thumbnail hentry category-uncategorized\">\n<figure style=\"aspect-ratio:4\/3;\" class=\"wp-block-post-featured-image\"><a href=\"https:\/\/balenapink.com\/en\/gin-artigianale-italiano-rimini-balena-pink\/\" target=\"_self\"  ><img fetchpriority=\"high\" decoding=\"async\" width=\"1200\" height=\"1600\" src=\"https:\/\/balenapink.com\/wp-content\/uploads\/2026\/04\/primi-piani-bott8.jpeg\" class=\"attachment-post-thumbnail size-post-thumbnail wp-post-image\" alt=\"Gin artigianale italiano: la rivoluzione del Gin Balena Pink da Rimini\" style=\"width:100%;height:100%;object-fit:cover;\" srcset=\"https:\/\/balenapink.com\/wp-content\/uploads\/2026\/04\/primi-piani-bott8.jpeg 1200w, https:\/\/balenapink.com\/wp-content\/uploads\/2026\/04\/primi-piani-bott8-225x300.jpeg 225w, https:\/\/balenapink.com\/wp-content\/uploads\/2026\/04\/primi-piani-bott8-768x1024.jpeg 768w, https:\/\/balenapink.com\/wp-content\/uploads\/2026\/04\/primi-piani-bott8-1152x1536.jpeg 1152w, https:\/\/balenapink.com\/wp-content\/uploads\/2026\/04\/primi-piani-bott8-9x12.jpeg 9w, https:\/\/balenapink.com\/wp-content\/uploads\/2026\/04\/primi-piani-bott8-600x800.jpeg 600w\" sizes=\"(max-width: 1200px) 100vw, 1200px\" \/><\/a><\/figure>\n\n<h2 class=\"wp-block-post-title has-medium-font-size\"><a href=\"https:\/\/balenapink.com\/en\/gin-artigianale-italiano-rimini-balena-pink\/\" target=\"_self\" >Gin artigianale italiano: la rivoluzione del Gin Balena Pink da Rimini<\/a><\/h2>\n\n<div class=\"wp-block-post-excerpt\"><p class=\"wp-block-post-excerpt__excerpt\">Il tuo browser non supporta i video HTML5. Il movimento del gin artigianale italiano sta vivendo una rivoluzione. Negli ultimi dieci anni, piccole distillerie indipendenti hanno trasformato il panorama dei distillati, riscoprendo botaniche locali e tecniche tradizionali. In questa scena nasce il Gin Balena Pink: un gin che non si limita a essere italiano, ma&hellip; <\/p><\/div>\n\n<div class=\"wp-block-post-date\"><time datetime=\"2026-05-09T10:02:17+00:00\">May 9, 2026<\/time><\/div>\n<\/li><li class=\"wp-block-post post-1210 post type-post status-publish format-standard has-post-thumbnail hentry category-uncategorized\">\n<figure style=\"aspect-ratio:4\/3;\" class=\"wp-block-post-featured-image\"><a href=\"https:\/\/balenapink.com\/en\/gin-tonic-perfetto-ricetta-gin-balena-pink\/\" target=\"_self\"  ><img decoding=\"async\" width=\"747\" height=\"1024\" src=\"https:\/\/balenapink.com\/wp-content\/uploads\/2026\/05\/gin-balena-pink-cocktail-bistrot-parigi.jpg\" class=\"attachment-post-thumbnail size-post-thumbnail wp-post-image\" alt=\"Gin Tonic perfetto con Gin Balena Pink: la ricetta che cambia colore\" style=\"width:100%;height:100%;object-fit:cover;\" srcset=\"https:\/\/balenapink.com\/wp-content\/uploads\/2026\/05\/gin-balena-pink-cocktail-bistrot-parigi.jpg 747w, https:\/\/balenapink.com\/wp-content\/uploads\/2026\/05\/gin-balena-pink-cocktail-bistrot-parigi-219x300.jpg 219w, https:\/\/balenapink.com\/wp-content\/uploads\/2026\/05\/gin-balena-pink-cocktail-bistrot-parigi-9x12.jpg 9w, https:\/\/balenapink.com\/wp-content\/uploads\/2026\/05\/gin-balena-pink-cocktail-bistrot-parigi-600x822.jpg 600w\" sizes=\"(max-width: 747px) 100vw, 747px\" \/><\/a><\/figure>\n\n<h2 class=\"wp-block-post-title has-medium-font-size\"><a href=\"https:\/\/balenapink.com\/en\/gin-tonic-perfetto-ricetta-gin-balena-pink\/\" target=\"_self\" >Gin Tonic perfetto con Gin Balena Pink: la ricetta che cambia colore<\/a><\/h2>\n\n<div class=\"wp-block-post-excerpt\"><p class=\"wp-block-post-excerpt__excerpt\">Il tuo browser non supporta i video HTML5. Il Gin Tonic \u00e8 il cocktail pi\u00f9 amato al mondo, ma con il Gin Balena Pink diventa un&#8217;esperienza visiva unica. Versi il gin blu, aggiungi la tonica, e in pochi secondi il liquido si trasforma in un rosa luminoso. \u00c8 la magia del Butterfly Pea, una delle&hellip; <\/p><\/div>\n\n<div class=\"wp-block-post-date\"><time datetime=\"2026-05-09T09:59:01+00:00\">May 9, 2026<\/time><\/div>\n<\/li><li class=\"wp-block-post post-1207 post type-post status-publish format-standard has-post-thumbnail hentry category-uncategorized\">\n<figure style=\"aspect-ratio:4\/3;\" class=\"wp-block-post-featured-image\"><a href=\"https:\/\/balenapink.com\/en\/gin-che-cambia-colore-la-magia-del-butterfly-pea-nel-gin-balena-pink\/\" target=\"_self\"  ><img decoding=\"async\" width=\"747\" height=\"1024\" src=\"https:\/\/balenapink.com\/wp-content\/uploads\/2026\/05\/gin-balena-pink-cocktail-rosa-spiaggia-rimini.jpg\" class=\"attachment-post-thumbnail size-post-thumbnail wp-post-image\" alt=\"Gin che cambia colore: la magia del Butterfly Pea nel Gin Balena Pink\" style=\"width:100%;height:100%;object-fit:cover;\" srcset=\"https:\/\/balenapink.com\/wp-content\/uploads\/2026\/05\/gin-balena-pink-cocktail-rosa-spiaggia-rimini.jpg 747w, https:\/\/balenapink.com\/wp-content\/uploads\/2026\/05\/gin-balena-pink-cocktail-rosa-spiaggia-rimini-219x300.jpg 219w, https:\/\/balenapink.com\/wp-content\/uploads\/2026\/05\/gin-balena-pink-cocktail-rosa-spiaggia-rimini-9x12.jpg 9w, https:\/\/balenapink.com\/wp-content\/uploads\/2026\/05\/gin-balena-pink-cocktail-rosa-spiaggia-rimini-600x822.jpg 600w\" sizes=\"(max-width: 747px) 100vw, 747px\" \/><\/a><\/figure>\n\n<h2 class=\"wp-block-post-title has-medium-font-size\"><a href=\"https:\/\/balenapink.com\/en\/gin-che-cambia-colore-la-magia-del-butterfly-pea-nel-gin-balena-pink\/\" target=\"_self\" >Gin che cambia colore: la magia del Butterfly Pea nel Gin Balena Pink<\/a><\/h2>\n\n<div class=\"wp-block-post-excerpt\"><p class=\"wp-block-post-excerpt__excerpt\">Il tuo browser non supporta i video HTML5. Hai visto un gin blu che, a contatto con la tonica, diventa improvvisamente rosa? Non \u00e8 un trucco da bartender. Non \u00e8 un colorante chimico. \u00c8 pura chimica naturale, e dietro c&#8217;\u00e8 un fiore: il Butterfly Pea, conosciuto anche come Clitoria Ternatea. Nel Gin Balena Pink \u00e8&hellip; <\/p><\/div>\n\n<div class=\"wp-block-post-date\"><time datetime=\"2026-05-09T09:38:35+00:00\">May 9, 2026<\/time><\/div>\n<\/li><li class=\"wp-block-post post-1225 post type-post status-publish format-standard has-post-thumbnail hentry category-uncategorized\">\n<figure style=\"aspect-ratio:4\/3;\" class=\"wp-block-post-featured-image\"><a href=\"https:\/\/balenapink.com\/en\/negroni-whale-ricetta-cocktail-gin-balena-pink\/\" target=\"_self\"  ><img loading=\"lazy\" decoding=\"async\" width=\"1080\" height=\"1350\" src=\"https:\/\/balenapink.com\/wp-content\/uploads\/2025\/12\/4-Balena-Pink-Negroni-Whale.png\" class=\"attachment-post-thumbnail size-post-thumbnail wp-post-image\" alt=\"Negroni Whale: la ricetta del cocktail con Gin Balena Pink che cambia colore\" style=\"width:100%;height:100%;object-fit:cover;\" srcset=\"https:\/\/balenapink.com\/wp-content\/uploads\/2025\/12\/4-Balena-Pink-Negroni-Whale.png 1080w, https:\/\/balenapink.com\/wp-content\/uploads\/2025\/12\/4-Balena-Pink-Negroni-Whale-600x750.png 600w, https:\/\/balenapink.com\/wp-content\/uploads\/2025\/12\/4-Balena-Pink-Negroni-Whale-240x300.png 240w, https:\/\/balenapink.com\/wp-content\/uploads\/2025\/12\/4-Balena-Pink-Negroni-Whale-819x1024.png 819w, https:\/\/balenapink.com\/wp-content\/uploads\/2025\/12\/4-Balena-Pink-Negroni-Whale-768x960.png 768w\" sizes=\"(max-width: 1080px) 100vw, 1080px\" \/><\/a><\/figure>\n\n<h2 class=\"wp-block-post-title has-medium-font-size\"><a href=\"https:\/\/balenapink.com\/en\/negroni-whale-ricetta-cocktail-gin-balena-pink\/\" target=\"_self\" >Negroni Whale: la ricetta del cocktail con Gin Balena Pink che cambia colore<\/a><\/h2>\n\n<div class=\"wp-block-post-excerpt\"><p class=\"wp-block-post-excerpt__excerpt\">Scopri la ricetta del Negroni Whale: il cocktail signature di Gin Balena Pink, tributo al capodoglio del 1943 a San Giuliano a Mare, Rimini. <\/p><\/div>\n\n<div class=\"wp-block-post-date\"><time datetime=\"2026-04-15T10:00:00+00:00\">April 15, 2026<\/time><\/div>\n<\/li><\/ul>\n\n\n\n\n<\/div>","protected":false},"excerpt":{"rendered":"<p>Blog Balena Pink Storie, ricette e curiosit\u00e0 sul gin che cambia colore: dalla magia del Butterfly Pea ai cocktail pi\u00f9 amati di Rimini.<\/p>","protected":false},"author":1,"featured_media":0,"parent":0,"menu_order":0,"comment_status":"closed","ping_status":"closed","template":"","meta":{"footnotes":""},"class_list":["post-96","page","type-page","status-publish","hentry"],"yoast_head":"<!-- This site is optimized with the Yoast SEO plugin v27.5 - https:\/\/yoast.com\/product\/yoast-seo-wordpress\/ -->\n<title>Blog - Balena Pink<\/title>\n<meta name=\"robots\" content=\"index, follow, max-snippet:-1, max-image-preview:large, max-video-preview:-1\" \/>\n<link rel=\"canonical\" href=\"https:\/\/balenapink.com\/en\/blog\/\" \/>\n<meta property=\"og:locale\" content=\"en_GB\" \/>\n<meta property=\"og:type\" content=\"article\" \/>\n<meta property=\"og:title\" content=\"Blog - Balena Pink\" \/>\n<meta property=\"og:description\" content=\"Blog Balena Pink Storie, ricette e curiosit\u00e0 sul gin che cambia colore: dalla magia del Butterfly Pea ai cocktail pi\u00f9 amati di Rimini.\" \/>\n<meta property=\"og:url\" content=\"https:\/\/balenapink.com\/en\/blog\/\" \/>\n<meta property=\"og:site_name\" content=\"Balena Pink\" \/>\n<meta property=\"article:publisher\" content=\"https:\/\/www.facebook.com\/ginbalenapink\" \/>\n<meta property=\"article:modified_time\" content=\"2026-05-09T11:05:11+00:00\" \/>\n<meta name=\"twitter:card\" content=\"summary_large_image\" \/>\n<script type=\"application\/ld+json\" class=\"yoast-schema-graph\">{\"@context\":\"https:\\\/\\\/schema.org\",\"@graph\":[{\"@type\":\"WebPage\",\"@id\":\"https:\\\/\\\/balenapink.com\\\/blog\\\/\",\"url\":\"https:\\\/\\\/balenapink.com\\\/blog\\\/\",\"name\":\"Blog - Balena Pink\",\"isPartOf\":{\"@id\":\"https:\\\/\\\/balenapink.com\\\/#website\"},\"datePublished\":\"2025-06-22T16:34:05+00:00\",\"dateModified\":\"2026-05-09T11:05:11+00:00\",\"breadcrumb\":{\"@id\":\"https:\\\/\\\/balenapink.com\\\/blog\\\/#breadcrumb\"},\"inLanguage\":\"en-GB\",\"potentialAction\":[{\"@type\":\"ReadAction\",\"target\":[\"https:\\\/\\\/balenapink.com\\\/blog\\\/\"]}]},{\"@type\":\"BreadcrumbList\",\"@id\":\"https:\\\/\\\/balenapink.com\\\/blog\\\/#breadcrumb\",\"itemListElement\":[{\"@type\":\"ListItem\",\"position\":1,\"name\":\"Home\",\"item\":\"https:\\\/\\\/balenapink.com\\\/\"},{\"@type\":\"ListItem\",\"position\":2,\"name\":\"Blog\"}]},{\"@type\":\"WebSite\",\"@id\":\"https:\\\/\\\/balenapink.com\\\/#website\",\"url\":\"https:\\\/\\\/balenapink.com\\\/\",\"name\":\"Balena Pink\",\"description\":\"Cambia colore. Cambia regole.\",\"publisher\":{\"@id\":\"https:\\\/\\\/balenapink.com\\\/#organization\"},\"potentialAction\":[{\"@type\":\"SearchAction\",\"target\":{\"@type\":\"EntryPoint\",\"urlTemplate\":\"https:\\\/\\\/balenapink.com\\\/?s={search_term_string}\"},\"query-input\":{\"@type\":\"PropertyValueSpecification\",\"valueRequired\":true,\"valueName\":\"search_term_string\"}}],\"inLanguage\":\"en-GB\"},{\"@type\":\"Organization\",\"@id\":\"https:\\\/\\\/balenapink.com\\\/#organization\",\"name\":\"Balena Pink\",\"url\":\"https:\\\/\\\/balenapink.com\\\/\",\"logo\":{\"@type\":\"ImageObject\",\"inLanguage\":\"en-GB\",\"@id\":\"https:\\\/\\\/balenapink.com\\\/#\\\/schema\\\/logo\\\/image\\\/\",\"url\":\"https:\\\/\\\/balenapink.com\\\/wp-content\\\/uploads\\\/2025\\\/07\\\/LOGO.-Balenapink-nero.png\",\"contentUrl\":\"https:\\\/\\\/balenapink.com\\\/wp-content\\\/uploads\\\/2025\\\/07\\\/LOGO.-Balenapink-nero.png\",\"width\":2000,\"height\":2000,\"caption\":\"Balena Pink\"},\"image\":{\"@id\":\"https:\\\/\\\/balenapink.com\\\/#\\\/schema\\\/logo\\\/image\\\/\"},\"sameAs\":[\"https:\\\/\\\/www.facebook.com\\\/ginbalenapink\",\"https:\\\/\\\/www.instagram.com\\\/ginbalenapink\\\/\",\"https:\\\/\\\/www.youtube.com\\\/@GinBalenaPink\"]}]}<\/script>\n<!-- \/ Yoast SEO plugin. -->","yoast_head_json":{"title":"Blog - Balena Pink","robots":{"index":"index","follow":"follow","max-snippet":"max-snippet:-1","max-image-preview":"max-image-preview:large","max-video-preview":"max-video-preview:-1"},"canonical":"https:\/\/balenapink.com\/en\/blog\/","og_locale":"en_GB","og_type":"article","og_title":"Blog - Balena Pink","og_description":"Blog Balena Pink Storie, ricette e curiosit\u00e0 sul gin che cambia colore: dalla magia del Butterfly Pea ai cocktail pi\u00f9 amati di Rimini.","og_url":"https:\/\/balenapink.com\/en\/blog\/","og_site_name":"Balena Pink","article_publisher":"https:\/\/www.facebook.com\/ginbalenapink","article_modified_time":"2026-05-09T11:05:11+00:00","twitter_card":"summary_large_image","schema":{"@context":"https:\/\/schema.org","@graph":[{"@type":"WebPage","@id":"https:\/\/balenapink.com\/blog\/","url":"https:\/\/balenapink.com\/blog\/","name":"Blog - Balena Pink","isPartOf":{"@id":"https:\/\/balenapink.com\/#website"},"datePublished":"2025-06-22T16:34:05+00:00","dateModified":"2026-05-09T11:05:11+00:00","breadcrumb":{"@id":"https:\/\/balenapink.com\/blog\/#breadcrumb"},"inLanguage":"en-GB","potentialAction":[{"@type":"ReadAction","target":["https:\/\/balenapink.com\/blog\/"]}]},{"@type":"BreadcrumbList","@id":"https:\/\/balenapink.com\/blog\/#breadcrumb","itemListElement":[{"@type":"ListItem","position":1,"name":"Home","item":"https:\/\/balenapink.com\/"},{"@type":"ListItem","position":2,"name":"Blog"}]},{"@type":"WebSite","@id":"https:\/\/balenapink.com\/#website","url":"https:\/\/balenapink.com\/","name":"Balena Pink","description":"Change Colour. Change Rules.","publisher":{"@id":"https:\/\/balenapink.com\/#organization"},"potentialAction":[{"@type":"SearchAction","target":{"@type":"EntryPoint","urlTemplate":"https:\/\/balenapink.com\/?s={search_term_string}"},"query-input":{"@type":"PropertyValueSpecification","valueRequired":true,"valueName":"search_term_string"}}],"inLanguage":"en-GB"},{"@type":"Organization","@id":"https:\/\/balenapink.com\/#organization","name":"Balena Pink","url":"https:\/\/balenapink.com\/","logo":{"@type":"ImageObject","inLanguage":"en-GB","@id":"https:\/\/balenapink.com\/#\/schema\/logo\/image\/","url":"https:\/\/balenapink.com\/wp-content\/uploads\/2025\/07\/LOGO.-Balenapink-nero.png","contentUrl":"https:\/\/balenapink.com\/wp-content\/uploads\/2025\/07\/LOGO.-Balenapink-nero.png","width":2000,"height":2000,"caption":"Balena Pink"},"image":{"@id":"https:\/\/balenapink.com\/#\/schema\/logo\/image\/"},"sameAs":["https:\/\/www.facebook.com\/ginbalenapink","https:\/\/www.instagram.com\/ginbalenapink\/","https:\/\/www.youtube.com\/@GinBalenaPink"]}]}},"_hostinger_reach_plugin_has_subscription_block":false,"_hostinger_reach_plugin_is_elementor":false,"_links":{"self":[{"href":"https:\/\/balenapink.com\/en\/wp-json\/wp\/v2\/pages\/96","targetHints":{"allow":["GET"]}}],"collection":[{"href":"https:\/\/balenapink.com\/en\/wp-json\/wp\/v2\/pages"}],"about":[{"href":"https:\/\/balenapink.com\/en\/wp-json\/wp\/v2\/types\/page"}],"author":[{"embeddable":true,"href":"https:\/\/balenapink.com\/en\/wp-json\/wp\/v2\/users\/1"}],"replies":[{"embeddable":true,"href":"https:\/\/balenapink.com\/en\/wp-json\/wp\/v2\/comments?post=96"}],"version-history":[{"count":4,"href":"https:\/\/balenapink.com\/en\/wp-json\/wp\/v2\/pages\/96\/revisions"}],"predecessor-version":[{"id":1215,"href":"https:\/\/balenapink.com\/en\/wp-json\/wp\/v2\/pages\/96\/revisions\/1215"}],"wp:attachment":[{"href":"https:\/\/balenapink.com\/en\/wp-json\/wp\/v2\/media?parent=96"}],"curies":[{"name":"wp","href":"https:\/\/api.w.org\/{rel}","templated":true}]}}